{"id":154,"date":"2020-03-26T19:04:22","date_gmt":"2020-03-26T22:04:22","guid":{"rendered":"http:\/\/mecandplast.com.ar\/?page_id=154"},"modified":"2024-08-02T13:03:56","modified_gmt":"2024-08-02T16:03:56","slug":"inicio","status":"publish","type":"page","link":"https:\/\/mecandplast.com.ar\/","title":{"rendered":"Inicio"},"content":{"rendered":"<p>[et_pb_section fb_built=\u00bb1&#8243; fullwidth=\u00bbon\u00bb _builder_version=\u00bb4.16&#8243; global_colors_info=\u00bb{}\u00bb][et_pb_fullwidth_slider use_text_overlay=\u00bbon\u00bb text_overlay_color=\u00bb#ffffff\u00bb _builder_version=\u00bb4.16&#8243; custom_padding=\u00bb218px||218px||true|false\u00bb global_colors_info=\u00bb{}\u00bb][et_pb_slide heading=\u00bbMecandPlast | Siempre del lado de la calidad\u00bb use_bg_overlay=\u00bbon\u00bb bg_overlay_color=\u00bbrgba(10,10,10,0.11)\u00bb use_text_overlay=\u00bbon\u00bb text_overlay_color=\u00bbrgba(255,255,255,0.71)\u00bb _builder_version=\u00bb4.16&#8243; header_level=\u00bbh1&#8243; header_font=\u00bb||||||||\u00bb header_text_color=\u00bb#000000&#8243; header_font_size=\u00bb35px\u00bb header_line_height=\u00bb0.3em\u00bb background_enable_color=\u00bboff\u00bb background_image=\u00bbhttps:\/\/mecandplast.com.ar\/wp-content\/uploads\/2020\/03\/Mecandplast6.jpg\u00bb background_enable_image=\u00bbon\u00bb parallax=\u00bbon\u00bb custom_padding=\u00bb|0px||0px|false|false\u00bb header_font_size_tablet=\u00bb\u00bb header_font_size_phone=\u00bb30px\u00bb header_font_size_last_edited=\u00bbon|phone\u00bb header_line_height_tablet=\u00bb\u00bb header_line_height_phone=\u00bb1em\u00bb header_line_height_last_edited=\u00bbon|phone\u00bb global_colors_info=\u00bb{}\u00bb sticky_transition=\u00bbon\u00bb][\/et_pb_slide][et_pb_slide heading=\u00bbMecanizados\u00bb use_bg_overlay=\u00bbon\u00bb bg_overlay_color=\u00bbrgba(10,10,10,0.11)\u00bb use_text_overlay=\u00bbon\u00bb text_overlay_color=\u00bbrgba(255,255,255,0.71)\u00bb _builder_version=\u00bb4.16&#8243; header_level=\u00bbh2&#8243; header_font=\u00bb||||||||\u00bb header_text_color=\u00bb#000000&#8243; header_font_size=\u00bb35px\u00bb header_line_height=\u00bb0.3em\u00bb background_enable_color=\u00bboff\u00bb background_image=\u00bbhttps:\/\/mecandplast.com.ar\/wp-content\/uploads\/2020\/06\/AdobeStock_68881422-scaled.jpeg\u00bb background_enable_image=\u00bbon\u00bb parallax=\u00bbon\u00bb parallax_method=\u00bboff\u00bb custom_padding=\u00bb|0px||0px|false|false\u00bb header_font_size_tablet=\u00bb\u00bb header_font_size_phone=\u00bb30px\u00bb header_font_size_last_edited=\u00bbon|phone\u00bb header_line_height_tablet=\u00bb\u00bb header_line_height_phone=\u00bb1em\u00bb header_line_height_last_edited=\u00bbon|phone\u00bb global_colors_info=\u00bb{}\u00bb sticky_transition=\u00bbon\u00bb][\/et_pb_slide][et_pb_slide heading=\u00bbInyecci\u00f3n pl\u00e1stica de gran porte | Microinyecci\u00f3n\u00bb use_bg_overlay=\u00bbon\u00bb bg_overlay_color=\u00bbrgba(10,10,10,0.11)\u00bb use_text_overlay=\u00bbon\u00bb text_overlay_color=\u00bbrgba(255,255,255,0.71)\u00bb _builder_version=\u00bb4.16&#8243; header_level=\u00bbh2&#8243; header_font=\u00bb||||||||\u00bb header_text_color=\u00bb#000000&#8243; header_font_size=\u00bb35px\u00bb header_line_height=\u00bb0.3em\u00bb background_enable_color=\u00bboff\u00bb background_image=\u00bbhttps:\/\/mecandplast.com.ar\/wp-content\/uploads\/2020\/06\/AdobeStock_324285547_Editorial_Use_Only-scaled.jpeg\u00bb background_enable_image=\u00bbon\u00bb parallax=\u00bbon\u00bb parallax_method=\u00bboff\u00bb custom_padding=\u00bb|0px||0px|false|false\u00bb header_font_size_tablet=\u00bb\u00bb header_font_size_phone=\u00bb30px\u00bb header_font_size_last_edited=\u00bbon|phone\u00bb header_line_height_tablet=\u00bb\u00bb header_line_height_phone=\u00bb1em\u00bb header_line_height_last_edited=\u00bbon|phone\u00bb global_colors_info=\u00bb{}\u00bb sticky_transition=\u00bbon\u00bb][\/et_pb_slide][et_pb_slide heading=\u00bbProyectos | Soluciones de ingenier\u00eda \u00bb use_bg_overlay=\u00bbon\u00bb bg_overlay_color=\u00bbrgba(10,10,10,0.11)\u00bb use_text_overlay=\u00bbon\u00bb text_overlay_color=\u00bbrgba(255,255,255,0.71)\u00bb _builder_version=\u00bb4.16&#8243; header_level=\u00bbh2&#8243; header_font=\u00bb||||||||\u00bb header_text_color=\u00bb#000000&#8243; header_font_size=\u00bb35px\u00bb header_line_height=\u00bb0.3em\u00bb background_enable_color=\u00bboff\u00bb background_image=\u00bbhttps:\/\/mecandplast.com.ar\/wp-content\/uploads\/2020\/06\/AdobeStock_321031988-scaled.jpeg\u00bb background_enable_image=\u00bbon\u00bb parallax=\u00bbon\u00bb parallax_method=\u00bboff\u00bb custom_padding=\u00bb|0px||0px|false|false\u00bb header_font_size_tablet=\u00bb\u00bb header_font_size_phone=\u00bb30px\u00bb header_font_size_last_edited=\u00bbon|phone\u00bb header_line_height_tablet=\u00bb\u00bb header_line_height_phone=\u00bb1em\u00bb header_line_height_last_edited=\u00bbon|phone\u00bb global_colors_info=\u00bb{}\u00bb sticky_transition=\u00bbon\u00bb][\/et_pb_slide][\/et_pb_fullwidth_slider][\/et_pb_section][et_pb_section fb_built=\u00bb1&#8243; module_id=\u00bbmecanizados\u00bb _builder_version=\u00bb4.16&#8243; background_color=\u00bb#000000&#8243; custom_padding=\u00bb||60px||false|false\u00bb global_colors_info=\u00bb{}\u00bb][et_pb_row module_id=\u00bbmecanizados\u00bb _builder_version=\u00bb4.16&#8243; custom_margin=\u00bb|52px||52px||true\u00bb global_colors_info=\u00bb{}\u00bb][et_pb_column type=\u00bb4_4&#8243; _builder_version=\u00bb4.16&#8243; global_colors_info=\u00bb{}\u00bb][et_pb_text _builder_version=\u00bb4.16&#8243; header_2_text_color=\u00bb#ffffff\u00bb header_3_text_color=\u00bb#ffffff\u00bb header_3_font_size=\u00bb28px\u00bb header_3_font_size_tablet=\u00bb\u00bb header_3_font_size_phone=\u00bb25px\u00bb header_3_font_size_last_edited=\u00bbon|phone\u00bb global_colors_info=\u00bb{}\u00bb]<\/p>\n<h2 style=\"text-align: left;\">NUESTROS SERVICIOS<\/h2>\n<h3><\/h3>\n<p>&nbsp;<\/p>\n<h3>Mecanizados |<\/h3>\n<p>[\/et_pb_text][\/et_pb_column][\/et_pb_row][et_pb_row column_structure=\u00bb1_3,1_3,1_3&#8243; use_custom_gutter=\u00bbon\u00bb gutter_width=\u00bb1&#8243; _builder_version=\u00bb4.16&#8243; width=\u00bb100%\u00bb max_width=\u00bb1480px\u00bb custom_padding=\u00bb||22px|||\u00bb global_colors_info=\u00bb{}\u00bb][et_pb_column type=\u00bb1_3&#8243; _builder_version=\u00bb4.16&#8243; global_colors_info=\u00bb{}\u00bb][et_pb_image src=\u00bbhttps:\/\/mecandplast.com.ar\/wp-content\/uploads\/2020\/04\/Mecanizado.png\u00bb url=\u00bb#mec1&#8243; module_id=\u00bboverlay_unique_id_301&#8243; _builder_version=\u00bb4.16&#8243; width=\u00bb90%\u00bb module_alignment=\u00bbcenter\u00bb global_colors_info=\u00bb{}\u00bb width__hover_enabled=\u00bbon|hover\u00bb width__hover=\u00bb100%\u00bb][\/et_pb_image][\/et_pb_column][et_pb_column type=\u00bb1_3&#8243; _builder_version=\u00bb4.16&#8243; global_colors_info=\u00bb{}\u00bb][et_pb_image src=\u00bbhttps:\/\/mecandplast.com.ar\/wp-content\/uploads\/2020\/03\/Mecandplast4.jpg\u00bb url=\u00bb#soplado\u00bb module_id=\u00bboverlay_unique_id_238&#8243; _builder_version=\u00bb4.16&#8243; width=\u00bb90%\u00bb module_alignment=\u00bbcenter\u00bb custom_margin_tablet=\u00bb\u00bb custom_margin_phone=\u00bb35px||||false|false\u00bb custom_margin_last_edited=\u00bbon|phone\u00bb global_colors_info=\u00bb{}\u00bb width__hover_enabled=\u00bbon|hover\u00bb width__hover=\u00bb100%\u00bb][\/et_pb_image][\/et_pb_column][et_pb_column type=\u00bb1_3&#8243; _builder_version=\u00bb4.16&#8243; global_colors_info=\u00bb{}\u00bb][et_pb_image src=\u00bbhttps:\/\/mecandplast.com.ar\/wp-content\/uploads\/2020\/04\/Mecanizado2-.png\u00bb url=\u00bb#mecanizado\u00bb module_id=\u00bboverlay_unique_id_254&#8243; _builder_version=\u00bb4.16&#8243; width=\u00bb90%\u00bb module_alignment=\u00bbcenter\u00bb custom_margin_tablet=\u00bb\u00bb custom_margin_phone=\u00bb35px||||false|false\u00bb custom_margin_last_edited=\u00bbon|phone\u00bb global_colors_info=\u00bb{}\u00bb width__hover_enabled=\u00bbon|hover\u00bb width__hover=\u00bb100%\u00bb][\/et_pb_image][\/et_pb_column][\/et_pb_row][\/et_pb_section][et_pb_section fb_built=\u00bb1&#8243; module_id=\u00bbinyeccion\u00bb _builder_version=\u00bb4.16&#8243; background_color=\u00bb#000000&#8243; custom_padding=\u00bb10px||0px|||\u00bb global_colors_info=\u00bb{}\u00bb][et_pb_row _builder_version=\u00bb4.16&#8243; custom_margin=\u00bb|||55px|false|false\u00bb custom_margin_tablet=\u00bb\u00bb custom_margin_phone=\u00bb\u00bb custom_margin_last_edited=\u00bbon|phone\u00bb global_colors_info=\u00bb{}\u00bb][et_pb_column type=\u00bb4_4&#8243; _builder_version=\u00bb4.16&#8243; global_colors_info=\u00bb{}\u00bb][et_pb_text _builder_version=\u00bb4.16&#8243; header_2_text_color=\u00bb#ffffff\u00bb header_2_font_size=\u00bb30px\u00bb header_3_text_color=\u00bb#ffffff\u00bb header_3_font_size=\u00bb28px\u00bb header_3_font_size_tablet=\u00bb\u00bb header_3_font_size_phone=\u00bb25px\u00bb header_3_font_size_last_edited=\u00bbon|phone\u00bb global_colors_info=\u00bb{}\u00bb]<\/p>\n<h3>Inyecci\u00f3n |<\/h3>\n<p>[\/et_pb_text][\/et_pb_column][\/et_pb_row][\/et_pb_section][et_pb_section fb_built=\u00bb1&#8243; _builder_version=\u00bb4.16&#8243; background_image=\u00bbhttps:\/\/mecandplast.com.ar\/wp-content\/uploads\/2020\/04\/MAQUINA-SIN-LOGO-DE-MARCA-scaled.jpg\u00bb custom_padding=\u00bb250px||0px||false|false\u00bb global_colors_info=\u00bb{}\u00bb background__hover_enabled=\u00bboff|desktop\u00bb background_color_gradient_start_position__hover=\u00bb75%\u00bb background_color_gradient_end_position__hover=\u00bb0%\u00bb null__hover=\u00bbrgba(40,40,40,0)\u00bb background_color_gradient_end__hover=\u00bb#282828&#8243; use_background_color_gradient__hover=\u00bboff\u00bb background_color_gradient_stops__hover=\u00bb#2b87da 75%|#282828 75%\u00bb][et_pb_row _builder_version=\u00bb4.16&#8243; background_color=\u00bbrgba(0,0,0,0.6)\u00bb width=\u00bb100%\u00bb max_width=\u00bb1920px\u00bb custom_padding=\u00bb0px||||false|false\u00bb global_colors_info=\u00bb{}\u00bb custom_padding__hover_enabled=\u00bbon|hover\u00bb custom_padding__hover=\u00bb25px||||false|false\u00bb][et_pb_column type=\u00bb4_4&#8243; _builder_version=\u00bb4.16&#8243; global_colors_info=\u00bb{}\u00bb][et_pb_text content_last_edited=\u00bboff|desktop\u00bb module_id=\u00bboverlay_unique_id_285&#8243; _builder_version=\u00bb4.16&#8243; text_text_color=\u00bb#ffffff\u00bb text_font_size=\u00bb18px\u00bb transform_scale_tablet=\u00bb\u00bb transform_scale_phone=\u00bb\u00bb transform_scale_last_edited=\u00bbon|phone\u00bb transform_translate_tablet=\u00bb\u00bb transform_translate_phone=\u00bb-4px|0px\u00bb transform_translate_last_edited=\u00bbon|phone\u00bb transform_rotate_tablet=\u00bb\u00bb transform_rotate_phone=\u00bb\u00bb transform_rotate_last_edited=\u00bbon|phone\u00bb transform_skew_tablet=\u00bb\u00bb transform_skew_phone=\u00bb\u00bb transform_skew_last_edited=\u00bbon|phone\u00bb transform_origin_tablet=\u00bb\u00bb transform_origin_phone=\u00bb\u00bb transform_origin_last_edited=\u00bbon|phone\u00bb transform_styles_last_edited=\u00bbon|phone\u00bb custom_margin=\u00bb||||false|false\u00bb custom_padding=\u00bb|||55px|false|false\u00bb custom_padding_last_edited=\u00bboff|phone\u00bb transform_styles_tablet=\u00bb\u00bb transform_styles_phone=\u00bb\u00bb global_colors_info=\u00bb{}\u00bb content__hover_enabled=\u00bbon|desktop\u00bb content__hover=\u00bb<\/p>\n<p>Conoce sobre MecandPlast Inyecci\u00f3n y que maquinas inyectoras dispone por<\/p>\n<p>tonelaje de cierre&#8230;<a href=%22#inyeccion%22> Leer m\u00e1s<\/a><\/p>\n<p>\u00bb custom_padding__hover_enabled=\u00bbon|hover\u00bb custom_padding__hover=\u00bb20px||20px||true|false\u00bb]<\/p>\n<p>&nbsp;<\/p>\n<p>Conoce sobre MecandPlast Inyecci\u00f3n.<\/p>\n<p>[\/et_pb_text][\/et_pb_column][\/et_pb_row][\/et_pb_section][et_pb_section fb_built=\u00bb1&#8243; module_id=\u00bbproyectos\u00bb _builder_version=\u00bb4.16&#8243; background_color=\u00bb#000000&#8243; custom_padding=\u00bb55px||0px|||\u00bb global_colors_info=\u00bb{}\u00bb][et_pb_row _builder_version=\u00bb4.16&#8243; custom_margin=\u00bb|||55px|false|false\u00bb custom_margin_tablet=\u00bb\u00bb custom_margin_phone=\u00bb\u00bb custom_margin_last_edited=\u00bbon|phone\u00bb global_colors_info=\u00bb{}\u00bb][et_pb_column type=\u00bb4_4&#8243; _builder_version=\u00bb4.16&#8243; global_colors_info=\u00bb{}\u00bb][et_pb_text _builder_version=\u00bb4.16&#8243; header_2_text_color=\u00bb#ffffff\u00bb header_2_font_size=\u00bb30px\u00bb header_3_text_color=\u00bb#ffffff\u00bb header_3_font_size=\u00bb28px\u00bb header_3_font_size_tablet=\u00bb\u00bb header_3_font_size_phone=\u00bb25px\u00bb header_3_font_size_last_edited=\u00bbon|phone\u00bb global_colors_info=\u00bb{}\u00bb]<\/p>\n<h3>Proyectos |<\/h3>\n<p>[\/et_pb_text][\/et_pb_column][\/et_pb_row][\/et_pb_section][et_pb_section fb_built=\u00bb1&#8243; _builder_version=\u00bb4.16&#8243; background_image=\u00bbhttps:\/\/mecandplast.com.ar\/wp-content\/uploads\/2020\/03\/Mecandplast9.png\u00bb custom_padding=\u00bb250px||0px||false|false\u00bb global_colors_info=\u00bb{}\u00bb background__hover_enabled=\u00bboff|hover\u00bb background_color_gradient_start_position__hover=\u00bb75%\u00bb background_color_gradient_end_position__hover=\u00bb0%\u00bb null__hover=\u00bbrgba(40,40,40,0)\u00bb background_color_gradient_end__hover=\u00bb#282828&#8243; use_background_color_gradient__hover=\u00bboff\u00bb background_color_gradient_stops__hover=\u00bb#2b87da 75%|#282828 75%\u00bb][et_pb_row _builder_version=\u00bb4.16&#8243; background_color=\u00bbrgba(0,0,0,0.6)\u00bb width=\u00bb100%\u00bb max_width=\u00bb1920px\u00bb custom_padding=\u00bb0px||||false|false\u00bb global_colors_info=\u00bb{}\u00bb custom_padding__hover_enabled=\u00bbon|hover\u00bb custom_padding__hover=\u00bb25px||||false|false\u00bb][et_pb_column type=\u00bb4_4&#8243; _builder_version=\u00bb4.16&#8243; global_colors_info=\u00bb{}\u00bb][et_pb_text content_last_edited=\u00bboff|desktop\u00bb module_id=\u00bboverlay_unique_id_364&#8243; _builder_version=\u00bb4.16&#8243; text_text_color=\u00bb#ffffff\u00bb text_font_size=\u00bb18px\u00bb transform_scale_tablet=\u00bb\u00bb transform_scale_phone=\u00bb\u00bb transform_scale_last_edited=\u00bbon|phone\u00bb transform_translate_tablet=\u00bb\u00bb transform_translate_phone=\u00bb-4px|0px\u00bb transform_translate_last_edited=\u00bbon|phone\u00bb transform_rotate_tablet=\u00bb\u00bb transform_rotate_phone=\u00bb\u00bb transform_rotate_last_edited=\u00bbon|phone\u00bb transform_skew_tablet=\u00bb\u00bb transform_skew_phone=\u00bb\u00bb transform_skew_last_edited=\u00bbon|phone\u00bb transform_origin_tablet=\u00bb\u00bb transform_origin_phone=\u00bb\u00bb transform_origin_last_edited=\u00bbon|phone\u00bb transform_styles_last_edited=\u00bbon|phone\u00bb custom_margin=\u00bb||||false|false\u00bb custom_padding=\u00bb|||55px|false|false\u00bb custom_padding_last_edited=\u00bboff|phone\u00bb transform_styles_tablet=\u00bb\u00bb transform_styles_phone=\u00bb\u00bb global_colors_info=\u00bb{}\u00bb content__hover_enabled=\u00bbon|hover\u00bb content__hover=\u00bb<\/p>\n<p>Conoce sobre MecandPlast Proyectos y su servicio integral en el \u00e1rea de proyectos de<\/p>\n<p>productos de fabricaci\u00f3n por inyecci\u00f3n\u2026<a href=%22#proy%22>Leer m\u00e1s<\/a><\/p>\n<p>\u00bb custom_padding__hover_enabled=\u00bbon|desktop\u00bb custom_padding__hover=\u00bb||||false|false\u00bb]<\/p>\n<p>&nbsp;<\/p>\n<p>Conoce sobre MecandPlast proyectos.<\/p>\n<p>[\/et_pb_text][\/et_pb_column][\/et_pb_row][\/et_pb_section][et_pb_section fb_built=\u00bb1&#8243; module_id=\u00bbsoluciones\u00bb _builder_version=\u00bb4.16&#8243; background_color=\u00bb#000000&#8243; custom_padding=\u00bb55px||0px|||\u00bb global_colors_info=\u00bb{}\u00bb][et_pb_row _builder_version=\u00bb4.16&#8243; custom_margin=\u00bb|||55px|false|false\u00bb custom_margin_tablet=\u00bb\u00bb custom_margin_phone=\u00bb\u00bb custom_margin_last_edited=\u00bbon|phone\u00bb global_colors_info=\u00bb{}\u00bb][et_pb_column type=\u00bb4_4&#8243; _builder_version=\u00bb4.16&#8243; global_colors_info=\u00bb{}\u00bb][et_pb_text _builder_version=\u00bb4.16&#8243; header_2_text_color=\u00bb#ffffff\u00bb header_2_font_size=\u00bb30px\u00bb header_3_text_color=\u00bb#ffffff\u00bb header_3_font_size=\u00bb28px\u00bb header_3_font_size_tablet=\u00bb\u00bb header_3_font_size_phone=\u00bb25px\u00bb header_3_font_size_last_edited=\u00bbon|phone\u00bb global_colors_info=\u00bb{}\u00bb]<\/p>\n<h3>Soluciones de ingenieria |<\/h3>\n<p>[\/et_pb_text][\/et_pb_column][\/et_pb_row][\/et_pb_section][et_pb_section fb_built=\u00bb1&#8243; _builder_version=\u00bb4.16&#8243; background_image=\u00bbhttps:\/\/mecandplast.com.ar\/wp-content\/uploads\/2020\/03\/Mecandplast8-scaled.jpg\u00bb custom_padding=\u00bb250px||0px||false|false\u00bb global_colors_info=\u00bb{}\u00bb background__hover_enabled=\u00bboff|desktop\u00bb background_color_gradient_start_position__hover=\u00bb75%\u00bb background_color_gradient_end_position__hover=\u00bb0%\u00bb null__hover=\u00bbrgba(40,40,40,0)\u00bb background_color_gradient_end__hover=\u00bb#282828&#8243; use_background_color_gradient__hover=\u00bboff\u00bb background_color_gradient_stops__hover=\u00bb#2b87da 75%|#282828 75%\u00bb][et_pb_row _builder_version=\u00bb4.16&#8243; background_color=\u00bbrgba(0,0,0,0.6)\u00bb width=\u00bb100%\u00bb max_width=\u00bb1920px\u00bb custom_padding=\u00bb0px||||false|false\u00bb global_colors_info=\u00bb{}\u00bb custom_padding__hover_enabled=\u00bbon|hover\u00bb custom_padding__hover=\u00bb25px||||false|false\u00bb][et_pb_column type=\u00bb4_4&#8243; _builder_version=\u00bb4.16&#8243; global_colors_info=\u00bb{}\u00bb][et_pb_text content_last_edited=\u00bboff|desktop\u00bb module_id=\u00bboverlay_unique_id_382&#8243; _builder_version=\u00bb4.16&#8243; text_text_color=\u00bb#ffffff\u00bb text_font_size=\u00bb18px\u00bb transform_scale_tablet=\u00bb\u00bb transform_scale_phone=\u00bb\u00bb transform_scale_last_edited=\u00bbon|phone\u00bb transform_translate_tablet=\u00bb\u00bb transform_translate_phone=\u00bb-4px|0px\u00bb transform_translate_last_edited=\u00bbon|phone\u00bb transform_rotate_tablet=\u00bb\u00bb transform_rotate_phone=\u00bb\u00bb transform_rotate_last_edited=\u00bbon|phone\u00bb transform_skew_tablet=\u00bb\u00bb transform_skew_phone=\u00bb\u00bb transform_skew_last_edited=\u00bbon|phone\u00bb transform_origin_tablet=\u00bb\u00bb transform_origin_phone=\u00bb\u00bb transform_origin_last_edited=\u00bbon|phone\u00bb transform_styles_last_edited=\u00bbon|phone\u00bb custom_margin=\u00bb||||false|false\u00bb custom_padding=\u00bb|||55px|false|false\u00bb custom_padding_last_edited=\u00bboff|phone\u00bb transform_styles_tablet=\u00bb\u00bb transform_styles_phone=\u00bb\u00bb global_colors_info=\u00bb{}\u00bb content__hover_enabled=\u00bbon|hover\u00bb content__hover=\u00bb<\/p>\n<p>MecandPlast soluciones de ingenier\u00eda se desarrolla siempre dentro del marco de la<\/p>\n<p>precisi\u00f3n y tecnolog\u00eda pretendiendo responder con la mayor eficacia\u2026 <a href=%22#open-sol%22>Leer m\u00e1s<\/a><\/p>\n<p>\u00bb custom_padding__hover_enabled=\u00bbon|desktop\u00bb custom_padding__hover=\u00bb||||false|false\u00bb]<\/p>\n<p>&nbsp;<\/p>\n<p>Conoce sobre MecandPlast Soluciones de ingenier\u00eda<\/p>\n<p>[\/et_pb_text][\/et_pb_column][\/et_pb_row][\/et_pb_section][et_pb_section fb_built=\u00bb1&#8243; _builder_version=\u00bb4.16&#8243; background_color=\u00bb#000000&#8243; custom_padding=\u00bb0px||0px|||\u00bb global_colors_info=\u00bb{}\u00bb][\/et_pb_section]<\/p>\n","protected":false},"excerpt":{"rendered":"<p>NUESTROS SERVICIOS &nbsp; Mecanizados |Inyecci\u00f3n |&nbsp; Conoce sobre MecandPlast Inyecci\u00f3n.Proyectos |&nbsp; Conoce sobre MecandPlast proyectos.Soluciones de ingenieria |&nbsp; Conoce sobre MecandPlast Soluciones de ingenier\u00eda<\/p>\n","protected":false},"author":1,"featured_media":0,"parent":0,"menu_order":0,"comment_status":"closed","ping_status":"closed","template":"","meta":{"_et_pb_use_builder":"on","_et_pb_old_content":"","_et_gb_content_width":"","footnotes":""},"class_list":["post-154","page","type-page","status-publish","hentry"],"yoast_head":"<!-- This site is optimized with the Yoast SEO plugin v26.3 - https:\/\/yoast.com\/wordpress\/plugins\/seo\/ -->\n<title>Mecandplast | Inicio | Inyecci\u00f3n de pl\u00e1stico y matricer\u00eda<\/title>\n<meta name=\"description\" content=\"MecandPlast se especializa en servicios de negocio en tres distintas \u00e1reas: Mecanizados, Inyecci\u00f3n y Soluciones Ingenierile\" \/>\n<meta name=\"robots\" content=\"index, follow, max-snippet:-1, max-image-preview:large, max-video-preview:-1\" \/>\n<link rel=\"canonical\" href=\"https:\/\/mecandplast.com.ar\/\" \/>\n<meta property=\"og:locale\" content=\"es_ES\" \/>\n<meta property=\"og:type\" content=\"article\" \/>\n<meta property=\"og:title\" content=\"Mecandplast | Inicio | Inyecci\u00f3n de pl\u00e1stico y matricer\u00eda\" \/>\n<meta property=\"og:description\" content=\"MecandPlast se especializa en servicios de negocio en tres distintas \u00e1reas: Mecanizados, Inyecci\u00f3n y Soluciones Ingenierile\" \/>\n<meta property=\"og:url\" content=\"https:\/\/mecandplast.com.ar\/\" \/>\n<meta property=\"og:site_name\" content=\"MecandPlast\" \/>\n<meta property=\"article:modified_time\" content=\"2024-08-02T16:03:56+00:00\" \/>\n<meta name=\"twitter:card\" content=\"summary_large_image\" \/>\n<meta name=\"twitter:label1\" content=\"Tiempo de lectura\" \/>\n\t<meta name=\"twitter:data1\" content=\"3 minutos\" \/>\n<script type=\"application\/ld+json\" class=\"yoast-schema-graph\">{\"@context\":\"https:\/\/schema.org\",\"@graph\":[{\"@type\":\"WebPage\",\"@id\":\"https:\/\/mecandplast.com.ar\/\",\"url\":\"https:\/\/mecandplast.com.ar\/\",\"name\":\"Mecandplast | Inicio | Inyecci\u00f3n de pl\u00e1stico y matricer\u00eda\",\"isPartOf\":{\"@id\":\"https:\/\/mecandplast.com.ar\/#website\"},\"datePublished\":\"2020-03-26T22:04:22+00:00\",\"dateModified\":\"2024-08-02T16:03:56+00:00\",\"description\":\"MecandPlast se especializa en servicios de negocio en tres distintas \u00e1reas: Mecanizados, Inyecci\u00f3n y Soluciones Ingenierile\",\"breadcrumb\":{\"@id\":\"https:\/\/mecandplast.com.ar\/#breadcrumb\"},\"inLanguage\":\"es\",\"potentialAction\":[{\"@type\":\"ReadAction\",\"target\":[\"https:\/\/mecandplast.com.ar\/\"]}]},{\"@type\":\"BreadcrumbList\",\"@id\":\"https:\/\/mecandplast.com.ar\/#breadcrumb\",\"itemListElement\":[{\"@type\":\"ListItem\",\"position\":1,\"name\":\"Portada\",\"item\":\"https:\/\/mecandplast.com.ar\/\"},{\"@type\":\"ListItem\",\"position\":2,\"name\":\"Inicio\"}]},{\"@type\":\"WebSite\",\"@id\":\"https:\/\/mecandplast.com.ar\/#website\",\"url\":\"https:\/\/mecandplast.com.ar\/\",\"name\":\"MecandPlast\",\"description\":\"Siempre del lado de la calidad\",\"publisher\":{\"@id\":\"https:\/\/mecandplast.com.ar\/#organization\"},\"potentialAction\":[{\"@type\":\"SearchAction\",\"target\":{\"@type\":\"EntryPoint\",\"urlTemplate\":\"https:\/\/mecandplast.com.ar\/?s={search_term_string}\"},\"query-input\":{\"@type\":\"PropertyValueSpecification\",\"valueRequired\":true,\"valueName\":\"search_term_string\"}}],\"inLanguage\":\"es\"},{\"@type\":\"Organization\",\"@id\":\"https:\/\/mecandplast.com.ar\/#organization\",\"name\":\"Mec and plast\",\"url\":\"https:\/\/mecandplast.com.ar\/\",\"logo\":{\"@type\":\"ImageObject\",\"inLanguage\":\"es\",\"@id\":\"https:\/\/mecandplast.com.ar\/#\/schema\/logo\/image\/\",\"url\":\"http:\/\/mecandplast.com.ar\/wp-content\/uploads\/2020\/06\/Logo-Mecandplast.png\",\"contentUrl\":\"http:\/\/mecandplast.com.ar\/wp-content\/uploads\/2020\/06\/Logo-Mecandplast.png\",\"width\":447,\"height\":66,\"caption\":\"Mec and plast\"},\"image\":{\"@id\":\"https:\/\/mecandplast.com.ar\/#\/schema\/logo\/image\/\"}}]}<\/script>\n<!-- \/ Yoast SEO plugin. -->","yoast_head_json":{"title":"Mecandplast | Inicio | Inyecci\u00f3n de pl\u00e1stico y matricer\u00eda","description":"MecandPlast se especializa en servicios de negocio en tres distintas \u00e1reas: Mecanizados, Inyecci\u00f3n y Soluciones Ingenierile","robots":{"index":"index","follow":"follow","max-snippet":"max-snippet:-1","max-image-preview":"max-image-preview:large","max-video-preview":"max-video-preview:-1"},"canonical":"https:\/\/mecandplast.com.ar\/","og_locale":"es_ES","og_type":"article","og_title":"Mecandplast | Inicio | Inyecci\u00f3n de pl\u00e1stico y matricer\u00eda","og_description":"MecandPlast se especializa en servicios de negocio en tres distintas \u00e1reas: Mecanizados, Inyecci\u00f3n y Soluciones Ingenierile","og_url":"https:\/\/mecandplast.com.ar\/","og_site_name":"MecandPlast","article_modified_time":"2024-08-02T16:03:56+00:00","twitter_card":"summary_large_image","twitter_misc":{"Tiempo de lectura":"3 minutos"},"schema":{"@context":"https:\/\/schema.org","@graph":[{"@type":"WebPage","@id":"https:\/\/mecandplast.com.ar\/","url":"https:\/\/mecandplast.com.ar\/","name":"Mecandplast | Inicio | Inyecci\u00f3n de pl\u00e1stico y matricer\u00eda","isPartOf":{"@id":"https:\/\/mecandplast.com.ar\/#website"},"datePublished":"2020-03-26T22:04:22+00:00","dateModified":"2024-08-02T16:03:56+00:00","description":"MecandPlast se especializa en servicios de negocio en tres distintas \u00e1reas: Mecanizados, Inyecci\u00f3n y Soluciones Ingenierile","breadcrumb":{"@id":"https:\/\/mecandplast.com.ar\/#breadcrumb"},"inLanguage":"es","potentialAction":[{"@type":"ReadAction","target":["https:\/\/mecandplast.com.ar\/"]}]},{"@type":"BreadcrumbList","@id":"https:\/\/mecandplast.com.ar\/#breadcrumb","itemListElement":[{"@type":"ListItem","position":1,"name":"Portada","item":"https:\/\/mecandplast.com.ar\/"},{"@type":"ListItem","position":2,"name":"Inicio"}]},{"@type":"WebSite","@id":"https:\/\/mecandplast.com.ar\/#website","url":"https:\/\/mecandplast.com.ar\/","name":"MecandPlast","description":"Siempre del lado de la calidad","publisher":{"@id":"https:\/\/mecandplast.com.ar\/#organization"},"potentialAction":[{"@type":"SearchAction","target":{"@type":"EntryPoint","urlTemplate":"https:\/\/mecandplast.com.ar\/?s={search_term_string}"},"query-input":{"@type":"PropertyValueSpecification","valueRequired":true,"valueName":"search_term_string"}}],"inLanguage":"es"},{"@type":"Organization","@id":"https:\/\/mecandplast.com.ar\/#organization","name":"Mec and plast","url":"https:\/\/mecandplast.com.ar\/","logo":{"@type":"ImageObject","inLanguage":"es","@id":"https:\/\/mecandplast.com.ar\/#\/schema\/logo\/image\/","url":"http:\/\/mecandplast.com.ar\/wp-content\/uploads\/2020\/06\/Logo-Mecandplast.png","contentUrl":"http:\/\/mecandplast.com.ar\/wp-content\/uploads\/2020\/06\/Logo-Mecandplast.png","width":447,"height":66,"caption":"Mec and plast"},"image":{"@id":"https:\/\/mecandplast.com.ar\/#\/schema\/logo\/image\/"}}]}},"_links":{"self":[{"href":"https:\/\/mecandplast.com.ar\/index.php\/wp-json\/wp\/v2\/pages\/154","targetHints":{"allow":["GET"]}}],"collection":[{"href":"https:\/\/mecandplast.com.ar\/index.php\/wp-json\/wp\/v2\/pages"}],"about":[{"href":"https:\/\/mecandplast.com.ar\/index.php\/wp-json\/wp\/v2\/types\/page"}],"author":[{"embeddable":true,"href":"https:\/\/mecandplast.com.ar\/index.php\/wp-json\/wp\/v2\/users\/1"}],"replies":[{"embeddable":true,"href":"https:\/\/mecandplast.com.ar\/index.php\/wp-json\/wp\/v2\/comments?post=154"}],"version-history":[{"count":151,"href":"https:\/\/mecandplast.com.ar\/index.php\/wp-json\/wp\/v2\/pages\/154\/revisions"}],"predecessor-version":[{"id":770,"href":"https:\/\/mecandplast.com.ar\/index.php\/wp-json\/wp\/v2\/pages\/154\/revisions\/770"}],"wp:attachment":[{"href":"https:\/\/mecandplast.com.ar\/index.php\/wp-json\/wp\/v2\/media?parent=154"}],"curies":[{"name":"wp","href":"https:\/\/api.w.org\/{rel}","templated":true}]}}