{"id":38,"date":"2020-03-12T12:22:21","date_gmt":"2020-03-12T15:22:21","guid":{"rendered":"http:\/\/mecandplast.com.ar\/?page_id=38"},"modified":"2020-07-01T12:40:15","modified_gmt":"2020-07-01T15:40:15","slug":"empresa","status":"publish","type":"page","link":"https:\/\/mecandplast.com.ar\/index.php\/empresa\/","title":{"rendered":"Empresa"},"content":{"rendered":"<p>[et_pb_section fb_built=\u00bb1&#8243; fullwidth=\u00bbon\u00bb _builder_version=\u00bb4.4.7&#8243; background_enable_image=\u00bboff\u00bb][et_pb_fullwidth_slider show_arrows=\u00bboff\u00bb show_pagination=\u00bboff\u00bb _builder_version=\u00bb4.4.8&#8243; custom_button=\u00bbon\u00bb button_icon=\u00bb%%1%%\u00bb button_on_hover=\u00bboff\u00bb button_alignment=\u00bbleft\u00bb button_custom_padding=\u00bb|42px|||false|false\u00bb custom_padding=\u00bb0px||2px||false|\u00bb][et_pb_slide heading=\u00bbAcerca de MecandPlast\u00bb button_text=\u00bbContactanos\u00bb button_link=\u00bbhttp:\/\/mecandplast.com.ar\/index.php\/contacto\/\u00bb _builder_version=\u00bb4.4.8&#8243; header_level=\u00bbh1&#8243; header_font=\u00bb|600|||||||\u00bb header_text_align=\u00bbleft\u00bb header_line_height=\u00bb1.5em\u00bb background_image=\u00bbhttp:\/\/mecandplast.com.ar\/wp-content\/uploads\/2020\/06\/CNC-Milling-Feature-Image-scaled.jpg\u00bb background_enable_image=\u00bbon\u00bb custom_button=\u00bbon\u00bb button_border_width=\u00bb2px\u00bb button_border_color=\u00bb#ffffff\u00bb button_icon=\u00bb%%86%%\u00bb button_on_hover=\u00bbon\u00bb custom_padding=\u00bb190px|250px|90px|0px|false|false\u00bb][\/et_pb_slide][\/et_pb_fullwidth_slider][\/et_pb_section][et_pb_section fb_built=\u00bb1&#8243; _builder_version=\u00bb4.4.7&#8243; background_color=\u00bb#000000&#8243; custom_padding=\u00bb18px||18px||true|\u00bb][et_pb_row _builder_version=\u00bb4.4.7&#8243; width=\u00bb100%\u00bb max_width=\u00bb1182px\u00bb][et_pb_column type=\u00bb4_4&#8243; _builder_version=\u00bb4.4.7&#8243;][et_pb_text _builder_version=\u00bb4.4.1&#8243; header_3_font=\u00bb|600|||||||\u00bb header_3_text_color=\u00bb#ffffff\u00bb header_3_font_size=\u00bb35px\u00bb]<\/p>\n<h3>SOBRE NOSOTROS<\/h3>\n<p>[\/et_pb_text][\/et_pb_column][\/et_pb_row][\/et_pb_section][et_pb_section fb_built=\u00bb1&#8243; _builder_version=\u00bb4.4.1&#8243; custom_padding=\u00bb28px||40px|||\u00bb][et_pb_row _builder_version=\u00bb4.4.7&#8243;][et_pb_column type=\u00bb4_4&#8243; _builder_version=\u00bb4.4.7&#8243;][et_pb_text _builder_version=\u00bb4.4.7&#8243; text_font_size=\u00bb15px\u00bb]<\/p>\n<p>MecandPlast es una empresa argentina que se especializa en servicios de negocio en tres distintas \u00e1reas: Mecanizados, Inyecci\u00f3n y Soluciones Ingenieriles.<\/p>\n<p>Dispone de una cartera diversificada de clientes nacionales en el cual procura adaptarse a sus necesidades para garantizar la mejor calidad a fin de ayudarlos a generar valor.<\/p>\n<p>Con una amplia trayectoria profesional actualmente MecandPlast cuenta con un fuerte enfoque en estandarizar y optimizar sus procedimientos internos con tecnolog\u00eda de excelencia.<\/p>\n<p>No obstante, la empresa continua en expansi\u00f3n y asistiendo en el d\u00eda a d\u00eda a sus clientes para alcanzar sus metas de negocios. Dispuesto a consolidar relaciones a largo plazo.<\/p>\n<p>[\/et_pb_text][\/et_pb_column][\/et_pb_row][et_pb_row column_structure=\u00bb1_3,1_3,1_3&#8243; module_id=\u00bbnosotros\u00bb _builder_version=\u00bb4.4.1&#8243; custom_padding=\u00bb41px|||||\u00bb][et_pb_column type=\u00bb1_3&#8243; _builder_version=\u00bb4.4.1&#8243;][et_pb_blurb title=\u00bbMISI\u00d3N\u00bb image=\u00bbhttp:\/\/mecandplast.com.ar\/wp-content\/uploads\/2020\/03\/Organizaci\u00f3n-del-negocio-Mecandplast.jpg\u00bb module_id=\u00bbnosotros\u00bb _builder_version=\u00bb4.4.8&#8243; hover_enabled=\u00bb0&#8243; header_font_size=\u00bb22px\u00bb]<\/p>\n<p>Complementar en todos nuestros campos productivos y de dise\u00f1o con la tecnolog\u00eda m\u00e1s apropiada y eficaz que est\u00e9 disponible en nuestra actualidad.<\/p>\n<p>Con esta metodolog\u00eda tratamos de ofrecer al mercado calidad y preponderantemente confianza.<\/p>\n<p>Siempre adapt\u00e1ndonos a los cambios globales que pueden generar fluctuaciones en las demandas locales.<\/p>\n<p>[\/et_pb_blurb][\/et_pb_column][et_pb_column type=\u00bb1_3&#8243; _builder_version=\u00bb4.4.1&#8243;][et_pb_blurb title=\u00bbVISI\u00d3N\u00bb image=\u00bbhttp:\/\/mecandplast.com.ar\/wp-content\/uploads\/2020\/03\/Estrategia-Mecandplast1.jpg\u00bb _builder_version=\u00bb4.4.8&#8243; hover_enabled=\u00bb0&#8243; header_font_size=\u00bb22px\u00bb]<\/p>\n<p>Apostamos a la expansi\u00f3n y crecimiento constante, involucrando todas las herramientas e instrumentos suministrados con la \u00faltima generaci\u00f3n tecnol\u00f3gica en post de ser una empresa l\u00edder en nuestros servicios de ingenier\u00eda y manufactura.<\/p>\n<p>[\/et_pb_blurb][\/et_pb_column][et_pb_column type=\u00bb1_3&#8243; _builder_version=\u00bb4.4.1&#8243;][et_pb_blurb title=\u00bbVALORES\u00bb image=\u00bbhttp:\/\/mecandplast.com.ar\/wp-content\/uploads\/2020\/03\/pl\u00e1stico-reciclado-Mecandplast.jpg\u00bb _builder_version=\u00bb4.4.8&#8243; hover_enabled=\u00bb0&#8243; header_font_size=\u00bb22px\u00bb]<\/p>\n<p>Entre todas las caracter\u00edsticas que puede denotar como indicadores a nuestra empresa, uno de los requerimientos m\u00e1s importantes que siempre nos anteponemos es redimir a nuestros clientes actuales y futuros de sus necesidades en nuestra labor.<\/p>\n<p>[\/et_pb_blurb][\/et_pb_column][\/et_pb_row][\/et_pb_section]<\/p>\n","protected":false},"excerpt":{"rendered":"<p>SOBRE NOSOTROSMecandPlast es una empresa argentina que se especializa en servicios de negocio en tres distintas \u00e1reas: Mecanizados, Inyecci\u00f3n y Soluciones Ingenieriles. Dispone de una cartera diversificada de clientes nacionales en el cual procura adaptarse a sus necesidades para garantizar la mejor calidad a fin de ayudarlos a generar valor. Con una amplia trayectoria profesional [&hellip;]<\/p>\n","protected":false},"author":1,"featured_media":0,"parent":0,"menu_order":0,"comment_status":"closed","ping_status":"closed","template":"","meta":{"_et_pb_use_builder":"on","_et_pb_old_content":"<!-- wp:divi\/placeholder \/-->","_et_gb_content_width":"","footnotes":""},"class_list":["post-38","page","type-page","status-publish","hentry"],"yoast_head":"<!-- This site is optimized with the Yoast SEO plugin v26.3 - https:\/\/yoast.com\/wordpress\/plugins\/seo\/ -->\n<title>Empresa - MecandPlast<\/title>\n<meta name=\"robots\" content=\"index, follow, max-snippet:-1, max-image-preview:large, max-video-preview:-1\" \/>\n<link rel=\"canonical\" href=\"https:\/\/mecandplast.com.ar\/index.php\/empresa\/\" \/>\n<meta property=\"og:locale\" content=\"es_ES\" \/>\n<meta property=\"og:type\" content=\"article\" \/>\n<meta property=\"og:title\" content=\"Empresa - MecandPlast\" \/>\n<meta property=\"og:description\" content=\"SOBRE NOSOTROSMecandPlast es una empresa argentina que se especializa en servicios de negocio en tres distintas \u00e1reas: Mecanizados, Inyecci\u00f3n y Soluciones Ingenieriles. Dispone de una cartera diversificada de clientes nacionales en el cual procura adaptarse a sus necesidades para garantizar la mejor calidad a fin de ayudarlos a generar valor. Con una amplia trayectoria profesional [&hellip;]\" \/>\n<meta property=\"og:url\" content=\"https:\/\/mecandplast.com.ar\/index.php\/empresa\/\" \/>\n<meta property=\"og:site_name\" content=\"MecandPlast\" \/>\n<meta property=\"article:modified_time\" content=\"2020-07-01T15:40:15+00:00\" \/>\n<meta name=\"twitter:card\" content=\"summary_large_image\" \/>\n<meta name=\"twitter:label1\" content=\"Tiempo de lectura\" \/>\n\t<meta name=\"twitter:data1\" content=\"3 minutos\" \/>\n<script type=\"application\/ld+json\" class=\"yoast-schema-graph\">{\"@context\":\"https:\/\/schema.org\",\"@graph\":[{\"@type\":\"WebPage\",\"@id\":\"https:\/\/mecandplast.com.ar\/index.php\/empresa\/\",\"url\":\"https:\/\/mecandplast.com.ar\/index.php\/empresa\/\",\"name\":\"Empresa - MecandPlast\",\"isPartOf\":{\"@id\":\"https:\/\/mecandplast.com.ar\/#website\"},\"datePublished\":\"2020-03-12T15:22:21+00:00\",\"dateModified\":\"2020-07-01T15:40:15+00:00\",\"breadcrumb\":{\"@id\":\"https:\/\/mecandplast.com.ar\/index.php\/empresa\/#breadcrumb\"},\"inLanguage\":\"es\",\"potentialAction\":[{\"@type\":\"ReadAction\",\"target\":[\"https:\/\/mecandplast.com.ar\/index.php\/empresa\/\"]}]},{\"@type\":\"BreadcrumbList\",\"@id\":\"https:\/\/mecandplast.com.ar\/index.php\/empresa\/#breadcrumb\",\"itemListElement\":[{\"@type\":\"ListItem\",\"position\":1,\"name\":\"Portada\",\"item\":\"https:\/\/mecandplast.com.ar\/\"},{\"@type\":\"ListItem\",\"position\":2,\"name\":\"Empresa\"}]},{\"@type\":\"WebSite\",\"@id\":\"https:\/\/mecandplast.com.ar\/#website\",\"url\":\"https:\/\/mecandplast.com.ar\/\",\"name\":\"MecandPlast\",\"description\":\"Siempre del lado de la calidad\",\"publisher\":{\"@id\":\"https:\/\/mecandplast.com.ar\/#organization\"},\"potentialAction\":[{\"@type\":\"SearchAction\",\"target\":{\"@type\":\"EntryPoint\",\"urlTemplate\":\"https:\/\/mecandplast.com.ar\/?s={search_term_string}\"},\"query-input\":{\"@type\":\"PropertyValueSpecification\",\"valueRequired\":true,\"valueName\":\"search_term_string\"}}],\"inLanguage\":\"es\"},{\"@type\":\"Organization\",\"@id\":\"https:\/\/mecandplast.com.ar\/#organization\",\"name\":\"Mec and plast\",\"url\":\"https:\/\/mecandplast.com.ar\/\",\"logo\":{\"@type\":\"ImageObject\",\"inLanguage\":\"es\",\"@id\":\"https:\/\/mecandplast.com.ar\/#\/schema\/logo\/image\/\",\"url\":\"http:\/\/mecandplast.com.ar\/wp-content\/uploads\/2020\/06\/Logo-Mecandplast.png\",\"contentUrl\":\"http:\/\/mecandplast.com.ar\/wp-content\/uploads\/2020\/06\/Logo-Mecandplast.png\",\"width\":447,\"height\":66,\"caption\":\"Mec and plast\"},\"image\":{\"@id\":\"https:\/\/mecandplast.com.ar\/#\/schema\/logo\/image\/\"}}]}<\/script>\n<!-- \/ Yoast SEO plugin. -->","yoast_head_json":{"title":"Empresa - MecandPlast","robots":{"index":"index","follow":"follow","max-snippet":"max-snippet:-1","max-image-preview":"max-image-preview:large","max-video-preview":"max-video-preview:-1"},"canonical":"https:\/\/mecandplast.com.ar\/index.php\/empresa\/","og_locale":"es_ES","og_type":"article","og_title":"Empresa - MecandPlast","og_description":"SOBRE NOSOTROSMecandPlast es una empresa argentina que se especializa en servicios de negocio en tres distintas \u00e1reas: Mecanizados, Inyecci\u00f3n y Soluciones Ingenieriles. Dispone de una cartera diversificada de clientes nacionales en el cual procura adaptarse a sus necesidades para garantizar la mejor calidad a fin de ayudarlos a generar valor. Con una amplia trayectoria profesional [&hellip;]","og_url":"https:\/\/mecandplast.com.ar\/index.php\/empresa\/","og_site_name":"MecandPlast","article_modified_time":"2020-07-01T15:40:15+00:00","twitter_card":"summary_large_image","twitter_misc":{"Tiempo de lectura":"3 minutos"},"schema":{"@context":"https:\/\/schema.org","@graph":[{"@type":"WebPage","@id":"https:\/\/mecandplast.com.ar\/index.php\/empresa\/","url":"https:\/\/mecandplast.com.ar\/index.php\/empresa\/","name":"Empresa - MecandPlast","isPartOf":{"@id":"https:\/\/mecandplast.com.ar\/#website"},"datePublished":"2020-03-12T15:22:21+00:00","dateModified":"2020-07-01T15:40:15+00:00","breadcrumb":{"@id":"https:\/\/mecandplast.com.ar\/index.php\/empresa\/#breadcrumb"},"inLanguage":"es","potentialAction":[{"@type":"ReadAction","target":["https:\/\/mecandplast.com.ar\/index.php\/empresa\/"]}]},{"@type":"BreadcrumbList","@id":"https:\/\/mecandplast.com.ar\/index.php\/empresa\/#breadcrumb","itemListElement":[{"@type":"ListItem","position":1,"name":"Portada","item":"https:\/\/mecandplast.com.ar\/"},{"@type":"ListItem","position":2,"name":"Empresa"}]},{"@type":"WebSite","@id":"https:\/\/mecandplast.com.ar\/#website","url":"https:\/\/mecandplast.com.ar\/","name":"MecandPlast","description":"Siempre del lado de la calidad","publisher":{"@id":"https:\/\/mecandplast.com.ar\/#organization"},"potentialAction":[{"@type":"SearchAction","target":{"@type":"EntryPoint","urlTemplate":"https:\/\/mecandplast.com.ar\/?s={search_term_string}"},"query-input":{"@type":"PropertyValueSpecification","valueRequired":true,"valueName":"search_term_string"}}],"inLanguage":"es"},{"@type":"Organization","@id":"https:\/\/mecandplast.com.ar\/#organization","name":"Mec and plast","url":"https:\/\/mecandplast.com.ar\/","logo":{"@type":"ImageObject","inLanguage":"es","@id":"https:\/\/mecandplast.com.ar\/#\/schema\/logo\/image\/","url":"http:\/\/mecandplast.com.ar\/wp-content\/uploads\/2020\/06\/Logo-Mecandplast.png","contentUrl":"http:\/\/mecandplast.com.ar\/wp-content\/uploads\/2020\/06\/Logo-Mecandplast.png","width":447,"height":66,"caption":"Mec and plast"},"image":{"@id":"https:\/\/mecandplast.com.ar\/#\/schema\/logo\/image\/"}}]}},"_links":{"self":[{"href":"https:\/\/mecandplast.com.ar\/index.php\/wp-json\/wp\/v2\/pages\/38","targetHints":{"allow":["GET"]}}],"collection":[{"href":"https:\/\/mecandplast.com.ar\/index.php\/wp-json\/wp\/v2\/pages"}],"about":[{"href":"https:\/\/mecandplast.com.ar\/index.php\/wp-json\/wp\/v2\/types\/page"}],"author":[{"embeddable":true,"href":"https:\/\/mecandplast.com.ar\/index.php\/wp-json\/wp\/v2\/users\/1"}],"replies":[{"embeddable":true,"href":"https:\/\/mecandplast.com.ar\/index.php\/wp-json\/wp\/v2\/comments?post=38"}],"version-history":[{"count":24,"href":"https:\/\/mecandplast.com.ar\/index.php\/wp-json\/wp\/v2\/pages\/38\/revisions"}],"predecessor-version":[{"id":627,"href":"https:\/\/mecandplast.com.ar\/index.php\/wp-json\/wp\/v2\/pages\/38\/revisions\/627"}],"wp:attachment":[{"href":"https:\/\/mecandplast.com.ar\/index.php\/wp-json\/wp\/v2\/media?parent=38"}],"curies":[{"name":"wp","href":"https:\/\/api.w.org\/{rel}","templated":true}]}}